{"id":470,"date":"2022-12-13T11:50:24","date_gmt":"2022-12-13T11:50:24","guid":{"rendered":"https:\/\/turismobaterno.es\/?page_id=470"},"modified":"2023-06-30T01:23:55","modified_gmt":"2023-06-30T00:23:55","slug":"ruta-los-baternillos-2","status":"publish","type":"page","link":"https:\/\/turismobaterno.es\/?page_id=470","title":{"rendered":"Ruta Los Baternillos"},"content":{"rendered":"<p>[et_pb_section fb_built=&#8221;1&#8243; disabled_on=&#8221;on|on|off&#8221; admin_label=&#8221;CABECERA PARA PC SOBREMESA&#8221; _builder_version=&#8221;4.19.1&#8243; _module_preset=&#8221;default&#8221; custom_margin=&#8221;||6px|||&#8221; custom_padding=&#8221;0px|||||&#8221; collapsed=&#8221;on&#8221; global_colors_info=&#8221;{}&#8221;][et_pb_row _builder_version=&#8221;4.19.1&#8243; _module_preset=&#8221;default&#8221; width=&#8221;100%&#8221; custom_padding=&#8221;0px|||||&#8221; global_colors_info=&#8221;{}&#8221;][et_pb_column type=&#8221;4_4&#8243; _builder_version=&#8221;4.19.1&#8243; _module_preset=&#8221;default&#8221; global_colors_info=&#8221;{}&#8221;][et_pb_image src=&#8221;https:\/\/turismobaterno.es\/wp-content\/uploads\/2023\/02\/pc-a-movil.png&#8221; title_text=&#8221;pc a movil&#8221; align=&#8221;center&#8221; _builder_version=&#8221;4.19.1&#8243; _module_preset=&#8221;default&#8221; global_colors_info=&#8221;{}&#8221;][\/et_pb_image][et_pb_text _builder_version=&#8221;4.19.1&#8243; _module_preset=&#8221;default&#8221; global_colors_info=&#8221;{}&#8221;]<\/p>\n<p style=\"text-align: center;\">Para disfrutar del contenido accede a esta url a trav\u00e9s de un dispositivo m\u00f3vil (smartphone o tablet).<\/p>\n<p style=\"text-align: center;\">Este sitio est\u00e1 dise\u00f1ado para vivirlo directamente en Baterno. Por ello la mayor\u00eda del contenido estar\u00e1 disponible en tu visita a nuestro pueblo. Ser\u00e1 una gran experiencia. \u00a1Ven, te estamos esperando!<\/p>\n<p style=\"text-align: center;\">[\/et_pb_text][et_pb_divider show_divider=&#8221;off&#8221; _builder_version=&#8221;4.19.1&#8243; _module_preset=&#8221;default&#8221; global_colors_info=&#8221;{}&#8221;][\/et_pb_divider][\/et_pb_column][\/et_pb_row][et_pb_row _builder_version=&#8221;4.19.1&#8243; _module_preset=&#8221;default&#8221; background_color=&#8221;RGBA(255,255,255,0)&#8221; custom_margin=&#8221;0px||||false|false&#8221; custom_padding=&#8221;0px|||||&#8221; global_colors_info=&#8221;{}&#8221;][et_pb_column type=&#8221;4_4&#8243; _builder_version=&#8221;4.19.1&#8243; _module_preset=&#8221;default&#8221; global_colors_info=&#8221;{}&#8221;][et_pb_button button_url=&#8221;https:\/\/goo.gl\/maps\/ffjaBs8oFHL5zbuk8&#8243; button_text=&#8221;D\u00d3NDE ESTAMOS&#8221; button_alignment=&#8221;center&#8221; _builder_version=&#8221;4.19.1&#8243; _module_preset=&#8221;default&#8221; custom_margin=&#8221;-17px|||||&#8221; global_colors_info=&#8221;{}&#8221;][\/et_pb_button][et_pb_divider show_divider=&#8221;off&#8221; _builder_version=&#8221;4.19.1&#8243; _module_preset=&#8221;default&#8221; global_colors_info=&#8221;{}&#8221;][\/et_pb_divider][et_pb_text _builder_version=&#8221;4.19.1&#8243; _module_preset=&#8221;default&#8221; global_colors_info=&#8221;{}&#8221;]<\/p>\n<p style=\"text-align: center;\">Te adelantamos algunas im\u00e1genes de Baterno:<\/p>\n<p>[\/et_pb_text][et_pb_gallery gallery_ids=&#8221;1448,1449,1426,1425,1423,1420,1424,1652&#8243; show_title_and_caption=&#8221;off&#8221; show_pagination=&#8221;off&#8221; _builder_version=&#8221;4.19.1&#8243; _module_preset=&#8221;default&#8221; pagination_font_size=&#8221;14px&#8221; border_radii_image=&#8221;on|15px|15px|15px|15px&#8221; box_shadow_style_image=&#8221;preset2&#8243; global_colors_info=&#8221;{}&#8221;][\/et_pb_gallery][\/et_pb_column][\/et_pb_row][\/et_pb_section][et_pb_section fb_built=&#8221;1&#8243; disabled_on=&#8221;off|off|on&#8221; _builder_version=&#8221;4.19.1&#8243; _module_preset=&#8221;default&#8221; custom_padding=&#8221;0px|||||&#8221; collapsed=&#8221;off&#8221; global_colors_info=&#8221;{}&#8221;][et_pb_row _builder_version=&#8221;4.19.1&#8243; _module_preset=&#8221;default&#8221; custom_padding=&#8221;0px|||||&#8221; global_colors_info=&#8221;{}&#8221;][et_pb_column type=&#8221;4_4&#8243; _builder_version=&#8221;4.19.1&#8243; _module_preset=&#8221;default&#8221; global_colors_info=&#8221;{}&#8221;][et_pb_image src=&#8221;https:\/\/turismobaterno.es\/wp-content\/uploads\/2023\/02\/ruta3-cabecera.jpg&#8221; title_text=&#8221;ruta3 cabecera&#8221; _builder_version=&#8221;4.19.1&#8243; _module_preset=&#8221;default&#8221; custom_padding=&#8221;0px|||||&#8221; global_colors_info=&#8221;{}&#8221;][\/et_pb_image][et_pb_text _builder_version=&#8221;4.19.1&#8243; _module_preset=&#8221;default&#8221; global_colors_info=&#8221;{}&#8221;]<\/p>\n<p>Esta ruta que te llevar\u00e1 por la dehesa del valle hasta llegar al cauce del Arroyo Grande en el cual podr\u00e1s descansar en un <strong>paraje singular<\/strong> donde los haya.<\/p>\n<p>[\/et_pb_text][\/et_pb_column][\/et_pb_row][et_pb_row _builder_version=&#8221;4.19.1&#8243; _module_preset=&#8221;default&#8221; global_colors_info=&#8221;{}&#8221;][et_pb_column type=&#8221;4_4&#8243; _builder_version=&#8221;4.19.1&#8243; _module_preset=&#8221;default&#8221; global_colors_info=&#8221;{}&#8221;][et_pb_tabs active_tab_background_color=&#8221;#FFFFFF&#8221; inactive_tab_background_color=&#8221;rgba(56,131,193,0.2)&#8221; _builder_version=&#8221;4.19.1&#8243; _module_preset=&#8221;default&#8221; border_radii=&#8221;on|15px|15px|15px|15px&#8221; box_shadow_style=&#8221;preset2&#8243; global_colors_info=&#8221;{}&#8221;][et_pb_tab title=&#8221;Descripci\u00f3n&#8221; _builder_version=&#8221;4.19.1&#8243; _module_preset=&#8221;default&#8221; global_colors_info=&#8221;{}&#8221;]<\/p>\n<p>La ruta se inicia en la plaza del Ayuntamiento de Baterno. Desde all\u00ed se contin\u00faa por la calle Pilar hasta engrosar la calle de Cuatro Caminos que coincide en el trazado con la carretera comarcal CR-P-4146 que atraviesa nuestro pueblo. El trazado discurre por una zona de paseo situada a la derecha de la v\u00eda.<\/p>\n<p>Si te fijas a la izquierda ver\u00e1s en lo alto del cerro la figura inconfundible de la Ermita de la Virgen del Fuego. La Ermita es de visita obligada si quieres recordar por siempre a Baterno.<\/p>\n<p>Una vez finaliza la zona de paseo debes de tomar el camino que sale a tu derecha y que atraviesa la dehesa. Bajo las encinas crece un fino pasto que sirve de alimento a los reba\u00f1os de ovejas que seguro encontrar\u00e1s a tu paso.<\/p>\n<p>En la zona denominada Carramolino te encaminar\u00e1s al cauce del Arroyo Grande en el paraje conocido como Los Baternillos, del que toma su nombre la ruta. Es aqu\u00ed cuando abandonar\u00e1s el camino de tierra para bajar por una vereda hacia el Arroyo Grande.<\/p>\n<p>Es justo aqu\u00ed cuando est\u00e9s en el Arroyo Grande donde finaliza la ruta. Encontrar\u00e1s unas bonitas vistas de su cauce aguas abajo (a la izquierda seg\u00fan llegas al Arroyo). Tambi\u00e9n puedes subir aguas arriba para disfrutar de otro peque\u00f1o y encantador recodo rocoso oculto a la vista desde tu posici\u00f3n.<\/p>\n<p>En el recorrido ser\u00e1 f\u00e1cil que descubras alg\u00fan ave rapaz sobrevolando a tu paso por la dehesa. Suelen ser halcones peregrinos o \u00e1guilas culebreras, muy comunes por estas tierras. Es probable que veas alguna cig\u00fce\u00f1a blanca bicheando en la dehesa y algunas veces se han visto bandadas de buitres reposando en los pastos. En Los Baternillos puedes ver alg\u00fan zorro e incluso alg\u00fan corzo o ciervo refugiado en el cauce del Arroyo.<\/p>\n<p>[\/et_pb_tab][et_pb_tab title=&#8221;Perfil&#8221; _builder_version=&#8221;4.19.1&#8243; _module_preset=&#8221;default&#8221; global_colors_info=&#8221;{}&#8221;]<\/p>\n<p><img loading=\"lazy\" decoding=\"async\" class=\"wp-image-2226 alignnone size-medium aligncenter\" src=\"https:\/\/turismobaterno.es\/wp-content\/uploads\/2023\/02\/Grafico-Ruta-3-300x180.jpg\" alt=\"\" width=\"300\" height=\"180\" \/><\/p>\n<table style=\"border-collapse: collapse; width: 28.4106%; margin-left: auto; margin-right: auto;\" border=\"0\" width=\"180pt\" cellspacing=\"0\" cellpadding=\"0\">\n<tbody>\n<tr style=\"height: 15.0pt;\">\n<td class=\"xl66\" style=\"height: 15pt; width: 85.5559%;\" width=\"80\" height=\"20\">desnivel positivo acumulado<\/td>\n<td class=\"xl67\" style=\"border-left: medium none; width: 5.5336%;\" align=\"right\" width=\"80\">51<\/td>\n<td class=\"xl68\" style=\"width: 37.9562%;\" width=\"80\">\u00a0m<\/td>\n<\/tr>\n<tr style=\"height: 15.0pt;\">\n<td class=\"xl66\" style=\"height: 15pt; border-top: medium none; width: 85.5559%;\" height=\"20\">desnivel negativo acumulado<\/td>\n<td style=\"width: 5.5336%;\" align=\"right\">125<\/td>\n<td class=\"xl69\" style=\"width: 37.9562%;\">\u00a0m<\/td>\n<\/tr>\n<tr style=\"height: 15.0pt;\">\n<td class=\"xl66\" style=\"height: 15pt; border-top: medium none; width: 85.5559%;\" height=\"20\">altitud m\u00e1xima<\/td>\n<td class=\"xl67\" style=\"border-left: medium none; width: 5.5336%;\" align=\"right\">568<\/td>\n<td class=\"xl68\" style=\"width: 37.9562%;\">\u00a0m<\/td>\n<\/tr>\n<tr style=\"height: 15.0pt;\">\n<td class=\"xl66\" style=\"height: 15pt; border-top: medium none; width: 85.5559%;\" height=\"20\">altitud m\u00ednima<\/td>\n<td style=\"width: 5.5336%;\" align=\"right\">490<\/td>\n<td class=\"xl69\" style=\"width: 37.9562%;\">\u00a0m<\/td>\n<\/tr>\n<tr style=\"height: 15.0pt;\">\n<td class=\"xl66\" style=\"height: 15pt; border-top: medium none; width: 85.5559%;\" height=\"20\">total recorrido<\/td>\n<td class=\"xl67\" style=\"border-left: medium none; width: 5.5336%;\" align=\"right\">4,05<\/td>\n<td class=\"xl68\" style=\"width: 37.9562%;\">\u00a0km<\/td>\n<\/tr>\n<tr style=\"height: 15.0pt;\">\n<td class=\"xl66\" style=\"height: 15pt; border-top: medium none; width: 85.5559%;\" height=\"20\">tiempo medio recorrido<\/td>\n<td class=\"xl70\" style=\"width: 5.5336%;\" align=\"right\">1<\/td>\n<td class=\"xl71\" style=\"width: 37.9562%;\">\u00a0h<\/td>\n<\/tr>\n<\/tbody>\n<\/table>\n<p>&nbsp;<\/p>\n<p>[\/et_pb_tab][et_pb_tab title=&#8221;Galer\u00eda&#8221; _builder_version=&#8221;4.19.1&#8243; _module_preset=&#8221;default&#8221; global_colors_info=&#8221;{}&#8221;]<\/p>\n<p><img loading=\"lazy\" decoding=\"async\" src=\"https:\/\/turismobaterno.es\/wp-content\/uploads\/2023\/02\/IMG_3563_web-300x220.jpg\" alt=\"\" class=\"wp-image-1449 alignnone size-medium\" width=\"300\" height=\"220\" \/><\/p>\n<p>[\/et_pb_tab][et_pb_tab title=&#8221;Clima&#8221; _builder_version=&#8221;4.19.1&#8243; _module_preset=&#8221;default&#8221; global_colors_info=&#8221;{}&#8221;]<iframe loading=\"lazy\" name=\"iframe_aemet_id33044\" width=\"100%\" height=\"100%\" tabindex=\"0\" id=\"iframe_aemet_id33044\" src=\"https:\/\/www.aemet.es\/es\/eltiempo\/prediccion\/municipios\/mostrarwidget\/baterno-id06017?w=g3p01110001ohmffffffw250z134x4f86d9t95b6e9r1s2n1\" frameborder=\"0\" scrolling=\"no\"><\/iframe>[\/et_pb_tab][\/et_pb_tabs][et_pb_button button_url=&#8221;https:\/\/turismobaterno.es\/?page_id=473&#8243; button_text=&#8221;Iniciar ruta&#8221; button_alignment=&#8221;center&#8221; _builder_version=&#8221;4.19.1&#8243; _module_preset=&#8221;default&#8221; global_colors_info=&#8221;{}&#8221;][\/et_pb_button][\/et_pb_column][\/et_pb_row][et_pb_row _builder_version=&#8221;4.19.1&#8243; _module_preset=&#8221;default&#8221; global_colors_info=&#8221;{}&#8221;][et_pb_column type=&#8221;4_4&#8243; _builder_version=&#8221;4.19.1&#8243; _module_preset=&#8221;default&#8221; global_colors_info=&#8221;{}&#8221;][et_pb_text _builder_version=&#8221;4.19.1&#8243; _module_preset=&#8221;default&#8221; global_colors_info=&#8221;{}&#8221;]<\/p>\n\r\n            \r\n            \r\n            \r\n            <a name='map44'><\/a>\r\n            \r\n            \r\n            \r\n            \r\n            <div class=\"wpgmza_map \"  id=\"wpgmza_map_44\" style=\"display:block; overflow:auto; width:100%; height:550px; margin-left:auto !important; margin-right:auto !important; align:center;\" data-settings='{\"id\":\"44\",\"map_title\":\"Ruta 3: pre\",\"map_width\":\"100\",\"map_height\":\"550\",\"map_start_lat\":\"38.942080922141784\",\"map_start_lng\":\"-4.907939915000004\",\"map_start_location\":\"51.5081290,-0.1280050\",\"map_start_zoom\":\"14\",\"default_marker\":\"{\\\"url\\\":\\\"\\\/\\\/turismobaterno.es\\\/wp-content\\\/uploads\\\/2022\\\/12\\\/SIGNAL_BATERNO_INT_i.png\\\",\\\"retina\\\":true}\",\"type\":\"3\",\"alignment\":\"0\",\"directions_enabled\":\"0\",\"styling_enabled\":\"0\",\"styling_json\":\"\",\"active\":\"0\",\"kml\":\"\",\"bicycle\":\"0\",\"traffic\":\"0\",\"dbox\":\"1\",\"dbox_width\":\"100\",\"listmarkers\":\"0\",\"listmarkers_advanced\":\"0\",\"filterbycat\":\"0\",\"ugm_enabled\":\"2\",\"ugm_category_enabled\":\"2\",\"fusion\":\"\",\"map_width_type\":\"%\",\"map_height_type\":\"px\",\"mass_marker_support\":\"2\",\"ugm_access\":\"2\",\"order_markers_by\":\"1\",\"order_markers_choice\":\"1\",\"show_user_location\":\"0\",\"default_to\":\"\",\"other_settings\":{\"rtlt_enabled\":\"0\",\"transport_layer\":false,\"action\":\"wpgmza_save_map\",\"redirect_to\":\"\\\/wp-admin\\\/admin-post.php\",\"map_id\":\"44\",\"http_referer\":\"\\\/wp-admin\\\/admin.php?page=wp-google-maps-menu&amp;amp;action=edit&amp;amp;map_id=3\",\"wpgmza_id\":\"3\",\"wpgmza_start_location\":\"38.942080922141784,-4.907939915000004\",\"wpgmza_start_zoom\":\"14\",\"wpgmza_theme_data\":\"\",\"wpgmza_dbox_width_type\":\"%\",\"default_from\":\"\",\"directions_behaviour\":\"default\",\"force_google_directions_app\":false,\"directions_route_origin_icon\":\"https:\\\/\\\/turismobaterno.es\\\/wp-content\\\/plugins\\\/wp-google-maps\\\/images\\\/spotlight-poi2.png\",\"directions_origin_retina\":false,\"directions_route_destination_icon\":\"https:\\\/\\\/turismobaterno.es\\\/wp-content\\\/plugins\\\/wp-google-maps\\\/images\\\/spotlight-poi2.png\",\"directions_destination_retina\":false,\"directions_route_stroke_color\":\"#4f8df5\",\"directions_route_stroke_weight\":\"4\",\"directions_route_stroke_opacity\":\"0.8\",\"directions_fit_bounds_to_route\":false,\"store_locator_enabled\":false,\"store_locator_search_area\":\"radial\",\"wpgmza_store_locator_radius_style\":\"legacy\",\"wpgmza_store_locator_default_radius\":\"10\",\"store_locator_auto_area_max_zoom\":\"\",\"wpgmza_store_locator_restrict\":\"\",\"store_locator_distance\":false,\"wpgmza_store_locator_position\":false,\"store_locator_show_distance\":false,\"store_locator_category\":false,\"wpgmza_store_locator_use_their_location\":false,\"wpgmza_store_locator_bounce\":false,\"upload_default_sl_marker\":\"\",\"upload_default_sl_marker_retina\":false,\"wpgmza_sl_animation\":\"0\",\"wpgmza_store_locator_hide_before_search\":false,\"store_locator_query_string\":\"\",\"store_locator_location_placeholder\":\"\",\"store_locator_default_address\":\"\",\"store_locator_name_search\":false,\"store_locator_name_string\":\"\",\"store_locator_not_found_message\":\"\",\"sl_stroke_color\":\"#000000\",\"sl_stroke_opacity\":\"\",\"sl_fill_color\":\"#000000\",\"sl_fill_opacity\":\"\",\"retina\":true,\"wpgmza_map_align\":\"2\",\"upload_default_ul_marker\":\"\\\/\\\/turismobaterno.es\\\/wp-content\\\/uploads\\\/2022\\\/12\\\/guy-1294571_640_i_80.png\",\"upload_default_ul_marker_retina\":true,\"jump_to_nearest_marker_on_initialization\":false,\"automatically_pan_to_users_location\":false,\"override_users_location_zoom_level\":false,\"override_users_location_zoom_levels\":\"\",\"show_distance_from_location\":false,\"map_max_zoom\":\"21\",\"map_min_zoom\":\"0\",\"click_open_link\":false,\"fit_maps_bounds_to_markers\":false,\"fit_maps_bounds_to_markers_after_filtering\":false,\"hide_point_of_interest\":false,\"wpgmza_zoom_on_marker_click\":false,\"wpgmza_zoom_on_marker_click_slider\":\"12\",\"close_infowindow_on_map_click\":false,\"disable_lightbox_images\":false,\"use_Raw_Jpeg_Coordinates\":false,\"polygon_labels\":false,\"disable_polygon_info_windows\":false,\"enable_advanced_custom_fields_integration\":false,\"enable_toolset_woocommerce_integration\":false,\"enable_woo_product_integration\":false,\"enable_marker_ratings\":true,\"only_load_markers_within_viewport\":false,\"iw_primary_color\":\"#000000\",\"iw_accent_color\":\"#000000\",\"iw_text_color\":\"#000000\",\"wpgmza_listmarkers_by\":\"0\",\"wpgmza_marker_listing_position\":false,\"wpgmza_push_in_map\":false,\"wpgmza_push_in_map_placement\":\"1\",\"wpgmza_push_in_map_width\":\"\",\"wpgmza_push_in_map_height\":\"\",\"zoom_level_on_marker_listing_override\":false,\"zoom_level_on_marker_listing_click\":\"\",\"marker_listing_disable_zoom\":false,\"datatable_no_result_message\":\"\",\"remove_search_box_datables\":false,\"dataTable_pagination_style\":\"default\",\"datatable_search_string\":\"\",\"datatable_result_start\":\"\",\"datatable_result_of\":\"\",\"datatable_result_to\":\"\",\"datatable_result_total\":\"\",\"datatable_result_show\":\"\",\"datatable_result_entries\":\"\",\"wpgmza_savemap\":\"Guardar Mapa \\u00bb\",\"wpgmza_ugm_upload_images\":2,\"wpgmza_ugm_link_enabled\":\"2\",\"wpgmza_ugm_desc_enabled\":\"1\",\"wpgmza_ugm_form_header\":\"\",\"wpgmza_ugm_form_title\":\"\",\"wpgmza_ugm_form_title_ph\":\"\",\"wpgmza_ugm_form_address\":\"\",\"wpgmza_ugm_form_address_ph\":\"\",\"wpgmza_ugm_form_address_help\":\"\",\"wpgmza_ugm_form_desc\":\"\",\"wpgmza_ugm_form_link\":\"\",\"wpgmza_ugm_form_link_ph\":\"\",\"wpgmza_ugm_form_image\":\"\",\"wpgmza_ugm_form_category\":\"\",\"zoom_after_ugm_submission\":\"0\",\"shortcodeAttributes\":{\"id\":\"44\"},\"enable_filter_custom_field_1\":false,\"enable_filter_custom_field_2\":false,\"enable_filter_custom_field_3\":false,\"enable_advanced_custom_fields_integration_type\":\"\",\"wpgmza_iw_type\":\"-1\"}}' data-map-id='44' data-shortcode-attributes='{\"id\":\"44\"}'> <\/div>\r\n            \r\n               \r\n        \n<p>[\/et_pb_text][\/et_pb_column][\/et_pb_row][et_pb_row _builder_version=&#8221;4.19.1&#8243; _module_preset=&#8221;default&#8221; background_color=&#8221;#FFFFFF&#8221; positioning=&#8221;fixed&#8221; position_origin_f=&#8221;bottom_center&#8221; z_index=&#8221;500&#8243; width=&#8221;100%&#8221; max_width=&#8221;2560px&#8221; height=&#8221;70px&#8221; global_colors_info=&#8221;{}&#8221;][et_pb_column type=&#8221;4_4&#8243; _builder_version=&#8221;4.19.1&#8243; _module_preset=&#8221;default&#8221; global_colors_info=&#8221;{}&#8221;][et_pb_code _builder_version=&#8221;4.19.1&#8243; _module_preset=&#8221;default&#8221; positioning=&#8221;fixed&#8221; position_origin_f=&#8221;bottom_center&#8221; vertical_offset=&#8221;10px&#8221; z_index=&#8221;500&#8243; hover_enabled=&#8221;0&#8243; global_colors_info=&#8221;{}&#8221; sticky_enabled=&#8221;0&#8243;]<\/p>\n<div class=\"et_pb_button_module_wrapper et_pb_button_0_wrapper et_pb_module\"><!-- [et_pb_line_break_holder] -->\t<a class=\"et_pb_button et_pb_button_0 et_pb_bg_layout_light\" href=\"javascript: history.go(-1)\">Atr\u00e1s<\/a><!-- [et_pb_line_break_holder] --><\/div>\n<p>[\/et_pb_code][\/et_pb_column][\/et_pb_row][\/et_pb_section]<\/p>\n","protected":false},"excerpt":{"rendered":"<p>Para disfrutar del contenido accede a esta url a trav\u00e9s de un dispositivo m\u00f3vil (smartphone o tablet). Este sitio est\u00e1 dise\u00f1ado para vivirlo directamente en Baterno. Por ello la mayor\u00eda del contenido estar\u00e1 disponible en tu visita a nuestro pueblo. Ser\u00e1 una gran experiencia. \u00a1Ven, te estamos esperando! Te adelantamos algunas im\u00e1genes de Baterno:Esta ruta [&hellip;]<\/p>\n","protected":false},"author":2,"featured_media":0,"parent":460,"menu_order":1,"comment_status":"closed","ping_status":"closed","template":"","meta":{"_acf_changed":false,"_et_pb_use_builder":"on","_et_pb_old_content":"","_et_gb_content_width":"","footnotes":""},"class_list":["post-470","page","type-page","status-publish","hentry"],"acf":[],"_links":{"self":[{"href":"https:\/\/turismobaterno.es\/index.php?rest_route=\/wp\/v2\/pages\/470","targetHints":{"allow":["GET"]}}],"collection":[{"href":"https:\/\/turismobaterno.es\/index.php?rest_route=\/wp\/v2\/pages"}],"about":[{"href":"https:\/\/turismobaterno.es\/index.php?rest_route=\/wp\/v2\/types\/page"}],"author":[{"embeddable":true,"href":"https:\/\/turismobaterno.es\/index.php?rest_route=\/wp\/v2\/users\/2"}],"replies":[{"embeddable":true,"href":"https:\/\/turismobaterno.es\/index.php?rest_route=%2Fwp%2Fv2%2Fcomments&post=470"}],"version-history":[{"count":17,"href":"https:\/\/turismobaterno.es\/index.php?rest_route=\/wp\/v2\/pages\/470\/revisions"}],"predecessor-version":[{"id":3199,"href":"https:\/\/turismobaterno.es\/index.php?rest_route=\/wp\/v2\/pages\/470\/revisions\/3199"}],"up":[{"embeddable":true,"href":"https:\/\/turismobaterno.es\/index.php?rest_route=\/wp\/v2\/pages\/460"}],"wp:attachment":[{"href":"https:\/\/turismobaterno.es\/index.php?rest_route=%2Fwp%2Fv2%2Fmedia&parent=470"}],"curies":[{"name":"wp","href":"https:\/\/api.w.org\/{rel}","templated":true}]}}