{"id":3214,"date":"2023-07-28T09:37:16","date_gmt":"2023-07-28T08:37:16","guid":{"rendered":"https:\/\/turismobaterno.es\/?page_id=3214"},"modified":"2023-07-28T09:37:19","modified_gmt":"2023-07-28T08:37:19","slug":"borrador-automatico-2","status":"publish","type":"page","link":"https:\/\/turismobaterno.es\/?page_id=3214","title":{"rendered":"Borrador autom\u00e1tico"},"content":{"rendered":"<p>[et_pb_section fb_built=&#8221;1&#8243; _builder_version=&#8221;4.19.1&#8243; _module_preset=&#8221;default&#8221; custom_padding=&#8221;0px|||||&#8221; global_colors_info=&#8221;{}&#8221;][et_pb_row _builder_version=&#8221;4.19.1&#8243; _module_preset=&#8221;default&#8221; global_colors_info=&#8221;{}&#8221;][et_pb_column type=&#8221;4_4&#8243; _builder_version=&#8221;4.19.1&#8243; _module_preset=&#8221;default&#8221; global_colors_info=&#8221;{}&#8221;][et_pb_text _builder_version=&#8221;4.19.1&#8243; _module_preset=&#8221;default&#8221; hover_enabled=&#8221;0&#8243; global_colors_info=&#8221;{}&#8221; sticky_enabled=&#8221;0&#8243;]<\/p>\n<p>AVISO LEGAL<\/p>\n<p>El dominio en internet <u><a href=\"http:\/\/www.turismobaterno.es\">www.turismobaterno.es<\/a><\/u> es titularidad del Excmo. Ayuntamiento de Baterno, y en el presente aviso legal se recogen las condiciones generales de su uso y acceso.<\/p>\n<p>Dominio: <u><a href=\"http:\/\/www.turismobaterno.es\">www.turismobaterno.es<\/a><\/u><\/p>\n<p>CIF: P0612500I<\/p>\n<p>Direcci\u00f3n: C\/ La Virgen, 12 &#8211; 06659 Baterno<\/p>\n<p>Tel\u00e9fono: +34 924 633 138<\/p>\n<p><strong>T\u00e9rminos y condiciones de uso de la web app.<\/strong><\/p>\n<p>Por favor, lea atentamente esta pol\u00edtica y aseg\u00farese de que la entiende y est\u00e1 de acuerdo con ella antes de facilitarnos sus datos personales. Si no est\u00e1 de acuerdo con la misma, no utilice este sitio web, su aplicaci\u00f3n o sus servicios, ni nos facilite sus datos.<\/p>\n<p>El hecho de acceder a este sitio, usar cualquiera de sus servicios o facilitarnos sus datos, bien sea online u offline, lo entenderemos como una clara acci\u00f3n afirmativa por la que nos da su consentimiento (cuando sea necesario el mismo) para tratar sus datos para las finalidades que luego se indican.<\/p>\n<p>Por ello, si las consideraciones detalladas en este Aviso Legal no son de su conformidad, rogamos no haga uso del portal, ya que cualquier uso que haga del mismo o de los servicios y contenidos en \u00e9l incluidos implicar\u00e1 la aceptaci\u00f3n de los t\u00e9rminos legales recogidos en este texto. Las condiciones y t\u00e9rminos que se recogen en el presente Aviso pueden variar, por lo que le invitamos a que revise estos t\u00e9rminos cuando visite de nuevo el portal.<\/p>\n<p>El uso de este sitio web, o su aplicaci\u00f3n, implica la expresa y plena aceptaci\u00f3n, de las presentes condiciones generales en la versi\u00f3n publicada en el momento en que el usuario acceda al mismo, sin perjuicio de las condiciones particulares que pudieran aplicarse a algunos de los contenidos o servicios del sitio web. El Ayuntamiento de Baterno procura que esta informaci\u00f3n sea exacta y precisa, y procede a su actualizaci\u00f3n con la m\u00e1xima celeridad posible, tratando de evitar errores y corrigi\u00e9ndolos tan pronto como los detecta. No obstante, El Ayuntamiento de Baterno no puede garantizar la inexistencia de errores ni que el contenido de la informaci\u00f3n se encuentre permanentemente actualizado. Le sugerimos que compruebe siempre la vigencia y exactitud de la informaci\u00f3n, servicios y contenidos recogidos en la misma.<\/p>\n<p>La informaci\u00f3n obtenida a trav\u00e9s de este sitio web y de las respuestas a las cuestiones planteadas en sus buzones, cumple una funci\u00f3n de informaci\u00f3n general y atenci\u00f3n al ciudadano en los t\u00e9rminos establecidos en el art\u00edculo 4 del Real Decreto 208\/1996, por lo que en ning\u00fan caso podr\u00e1 derivarse efecto jur\u00eddico vinculante alguno.<\/p>\n<p>Con el fin de mejorar las prestaciones del sitio web, el Ayuntamiento de Baterno, se reserva el derecho, en cualquier momento y sin previa notificaci\u00f3n a los usuarios, a modificar, ampliar o suspender temporalmente la presentaci\u00f3n, configuraci\u00f3n, especificaciones t\u00e9cnicas y servicios del sitio web.<\/p>\n<p>En el Portal se han incluido enlaces a p\u00e1ginas de sitios web de terceros, la mayor parte a p\u00e1ginas de Internet de otras Administraciones P\u00fablicas, que se han considerado de inter\u00e9s para los usuarios. No obstante, el Ayuntamiento de Baterno no asume ninguna responsabilidad derivada de la conexi\u00f3n o contenidos de los enlaces de terceros a los que se hace referencia en el Portal.<\/p>\n<p>Los derechos de propiedad intelectual de este Portal de Internet, su dise\u00f1o gr\u00e1fico y los c\u00f3digos que contiene, son titularidad del Ayuntamiento de Baterno, a no ser que se indique una titularidad diferente. La reproducci\u00f3n, distribuci\u00f3n, comercializaci\u00f3n o transformaci\u00f3n no autorizadas de estas obras, a no ser que sea para uso personal y privado, constituye una infracci\u00f3n de los derechos de propiedad intelectual del Ayuntamiento de Baterno o de aquel que sea titular. Igualmente, todas las marcas o signos distintivos de cualquier clase contenidos en el portal est\u00e1n protegidos por Ley.<\/p>\n<p>La utilizaci\u00f3n no autorizada de la informaci\u00f3n contenida en este Portal, as\u00ed como los perjuicios ocasionados en los derechos de propiedad intelectual e industrial del Ayuntamiento de Baterno, pueden dar lugar al ejercicio de las acciones que legalmente correspondan y, si procede, a las responsabilidades que de dicho ejercicio se deriven.<\/p>\n<p>&nbsp;<\/p>\n<p>[\/et_pb_text][\/et_pb_column][\/et_pb_row][et_pb_row _builder_version=&#8221;4.19.1&#8243; _module_preset=&#8221;default&#8221; background_color=&#8221;#FFFFFF&#8221; positioning=&#8221;fixed&#8221; position_origin_f=&#8221;bottom_center&#8221; z_index=&#8221;500&#8243; width=&#8221;100%&#8221; max_width=&#8221;2560px&#8221; height=&#8221;70px&#8221; global_colors_info=&#8221;{}&#8221;][et_pb_column type=&#8221;4_4&#8243; _builder_version=&#8221;4.19.1&#8243; _module_preset=&#8221;default&#8221; global_colors_info=&#8221;{}&#8221;][et_pb_code _builder_version=&#8221;4.19.1&#8243; _module_preset=&#8221;default&#8221; positioning=&#8221;fixed&#8221; position_origin_f=&#8221;bottom_center&#8221; vertical_offset=&#8221;10px&#8221; z_index=&#8221;500&#8243; hover_enabled=&#8221;0&#8243; global_colors_info=&#8221;{}&#8221; sticky_enabled=&#8221;0&#8243;]<\/p>\n<div class=\"et_pb_button_module_wrapper et_pb_button_0_wrapper et_pb_module\"><!-- [et_pb_line_break_holder] -->\t<a class=\"et_pb_button et_pb_button_0 et_pb_bg_layout_light\" href=\"javascript: history.go(-1)\">Atr\u00e1s<\/a><!-- [et_pb_line_break_holder] --><\/div>\n<p>[\/et_pb_code][\/et_pb_column][\/et_pb_row][\/et_pb_section]<\/p>\n","protected":false},"excerpt":{"rendered":"<p>AVISO LEGAL El dominio en internet www.turismobaterno.es es titularidad del Excmo. Ayuntamiento de Baterno, y en el presente aviso legal se recogen las condiciones generales de su uso y acceso. Dominio: www.turismobaterno.es CIF: P0612500I Direcci\u00f3n: C\/ La Virgen, 12 &#8211; 06659 Baterno Tel\u00e9fono: +34 924 633 138 T\u00e9rminos y condiciones de uso de la web [&hellip;]<\/p>\n","protected":false},"author":2,"featured_media":0,"parent":0,"menu_order":0,"comment_status":"closed","ping_status":"closed","template":"","meta":{"_acf_changed":false,"_et_pb_use_builder":"on","_et_pb_old_content":"","_et_gb_content_width":"","footnotes":""},"class_list":["post-3214","page","type-page","status-publish","hentry"],"acf":[],"_links":{"self":[{"href":"https:\/\/turismobaterno.es\/index.php?rest_route=\/wp\/v2\/pages\/3214","targetHints":{"allow":["GET"]}}],"collection":[{"href":"https:\/\/turismobaterno.es\/index.php?rest_route=\/wp\/v2\/pages"}],"about":[{"href":"https:\/\/turismobaterno.es\/index.php?rest_route=\/wp\/v2\/types\/page"}],"author":[{"embeddable":true,"href":"https:\/\/turismobaterno.es\/index.php?rest_route=\/wp\/v2\/users\/2"}],"replies":[{"embeddable":true,"href":"https:\/\/turismobaterno.es\/index.php?rest_route=%2Fwp%2Fv2%2Fcomments&post=3214"}],"version-history":[{"count":3,"href":"https:\/\/turismobaterno.es\/index.php?rest_route=\/wp\/v2\/pages\/3214\/revisions"}],"predecessor-version":[{"id":3218,"href":"https:\/\/turismobaterno.es\/index.php?rest_route=\/wp\/v2\/pages\/3214\/revisions\/3218"}],"wp:attachment":[{"href":"https:\/\/turismobaterno.es\/index.php?rest_route=%2Fwp%2Fv2%2Fmedia&parent=3214"}],"curies":[{"name":"wp","href":"https:\/\/api.w.org\/{rel}","templated":true}]}}